{"id":26208,"date":"2025-06-02T12:23:10","date_gmt":"2025-06-02T15:23:10","guid":{"rendered":"https:\/\/ciencias.ubiobio.cl\/faci\/?page_id=26208"},"modified":"2025-06-03T11:05:41","modified_gmt":"2025-06-03T14:05:41","slug":"mision-vision","status":"publish","type":"page","link":"https:\/\/ciencias.ubiobio.cl\/faci\/index.php\/mision-vision\/","title":{"rendered":"mision-vision"},"content":{"rendered":"\t\t<div data-elementor-type=\"wp-page\" data-elementor-id=\"26208\" class=\"elementor elementor-26208\">\n\t\t\t\t<div class=\"elementor-element elementor-element-ebff592 e-flex e-con-boxed e-con e-parent\" data-id=\"ebff592\" data-element_type=\"container\">\n\t\t\t\t\t<div class=\"e-con-inner\">\n\t\t\t\t<div class=\"elementor-element elementor-element-e79182a elementor-widget elementor-widget-heading\" data-id=\"e79182a\" data-element_type=\"widget\" data-widget_type=\"heading.default\">\n\t\t\t\t<div class=\"elementor-widget-container\">\n\t\t\t\t\t<h2 class=\"elementor-heading-title elementor-size-default\">Misi\u00f3n y Visi\u00f3n<\/h2>\t\t\t\t<\/div>\n\t\t\t\t<\/div>\n\t\t\t\t\t<\/div>\n\t\t\t\t<\/div>\n\t\t<div class=\"elementor-element elementor-element-d97c09f e-grid e-con-boxed e-con e-parent\" data-id=\"d97c09f\" data-element_type=\"container\">\n\t\t\t\t\t<div class=\"e-con-inner\">\n\t\t<div class=\"elementor-element elementor-element-c697fce e-con-full e-flex e-con e-child\" data-id=\"c697fce\" data-element_type=\"container\" data-settings=\"{&quot;background_background&quot;:&quot;classic&quot;}\">\n\t\t\t\t<div class=\"elementor-element elementor-element-03ff652 elementor-vertical-align-top elementor-widget elementor-widget-image-box\" data-id=\"03ff652\" data-element_type=\"widget\" data-widget_type=\"image-box.default\">\n\t\t\t\t<div class=\"elementor-widget-container\">\n\t\t\t\t\t<div class=\"elementor-image-box-wrapper\"><div class=\"elementor-image-box-content\"><h2 class=\"elementor-image-box-title\">NUESTRA MISI\u00d3N<\/h2><p class=\"elementor-image-box-description\">Somos una Facultad birregional, que tiene por misi\u00f3n: Formar personas con excelencia acad\u00e9mica, esp\u00edritu cr\u00edtico, respetuosas del entorno sociocultural y medioambiental. Crear, transferir y divulgar el conocimiento cient\u00edfico de frontera, mediante la investigaci\u00f3n, la innovaci\u00f3n y la transferencia tecnol\u00f3gica. Contribuir al desarrollo sostenible de la comunidad y de los territorios, con \u00e9nfasis en las regiones del Biob\u00edo y \u00d1uble, a trav\u00e9s de la capacitaci\u00f3n, la asistencia t\u00e9cnica, la extensi\u00f3n y la vinculaci\u00f3n bidireccional. <\/p><\/div><\/div>\t\t\t\t<\/div>\n\t\t\t\t<\/div>\n\t\t\t\t<\/div>\n\t\t<div class=\"elementor-element elementor-element-ee2b378 e-con-full e-flex e-con e-child\" data-id=\"ee2b378\" data-element_type=\"container\" data-settings=\"{&quot;background_background&quot;:&quot;classic&quot;}\">\n\t\t\t\t<div class=\"elementor-element elementor-element-a4558ec elementor-vertical-align-top elementor-widget elementor-widget-image-box\" data-id=\"a4558ec\" data-element_type=\"widget\" data-widget_type=\"image-box.default\">\n\t\t\t\t<div class=\"elementor-widget-container\">\n\t\t\t\t\t<div class=\"elementor-image-box-wrapper\"><div class=\"elementor-image-box-content\"><h2 class=\"elementor-image-box-title\">NUESTRA VISI\u00d3N<\/h2><p class=\"elementor-image-box-description\">La Facultad de Ciencias desea ser un referente nacional e internacional en la creaci\u00f3n, transferencia y divulgaci\u00f3n del conocimiento cient\u00edfico b\u00e1sico y aplicado, vinculada bidireccionalmente. Ser una comunidad que, en un ambiente integrador y arm\u00f3nico, contribuye desde las ciencias, al progreso sostenible de los territorios a trav\u00e9s de la formaci\u00f3n de personas con car\u00e1cter \u00e9tico y responsable socialmente.<\/p><\/div><\/div>\t\t\t\t<\/div>\n\t\t\t\t<\/div>\n\t\t\t\t<\/div>\n\t\t\t\t\t<\/div>\n\t\t\t\t<\/div>\n\t\t\t\t<\/div>\n\t\t","protected":false},"excerpt":{"rendered":"<p>Misi\u00f3n y Visi\u00f3n NUESTRA MISI\u00d3N Somos una Facultad birregional, que tiene por misi\u00f3n: Formar personas con excelencia acad\u00e9mica, esp\u00edritu cr\u00edtico, respetuosas del entorno sociocultural y medioambiental. Crear, transferir y divulgar el conocimiento cient\u00edfico de frontera, mediante la investigaci\u00f3n, la innovaci\u00f3n y la transferencia tecnol\u00f3gica. Contribuir al desarrollo sostenible de la comunidad y de los territorios, [&hellip;]<\/p>\n","protected":false},"author":1,"featured_media":0,"parent":0,"menu_order":0,"comment_status":"closed","ping_status":"closed","template":"","meta":{"site-sidebar-layout":"no-sidebar","site-content-layout":"page-builder","ast-site-content-layout":"full-width-container","site-content-style":"default","site-sidebar-style":"default","ast-global-header-display":"","ast-banner-title-visibility":"","ast-main-header-display":"","ast-hfb-above-header-display":"","ast-hfb-below-header-display":"","ast-hfb-mobile-header-display":"","site-post-title":"disabled","ast-breadcrumbs-content":"","ast-featured-img":"disabled","footer-sml-layout":"","ast-disable-related-posts":"","theme-transparent-header-meta":"","adv-header-id-meta":"","stick-header-meta":"","header-above-stick-meta":"","header-main-stick-meta":"","header-below-stick-meta":"","astra-migrate-meta-layouts":"set","ast-page-background-enabled":"default","ast-page-background-meta":{"desktop":{"background-color":"","background-image":"","background-repeat":"repeat","background-position":"center center","background-size":"auto","background-attachment":"scroll","background-type":"","background-media":"","overlay-type":"","overlay-color":"","overlay-opacity":"","overlay-gradient":""},"tablet":{"background-color":"","background-image":"","background-repeat":"repeat","background-position":"center center","background-size":"auto","background-attachment":"scroll","background-type":"","background-media":"","overlay-type":"","overlay-color":"","overlay-opacity":"","overlay-gradient":""},"mobile":{"background-color":"","background-image":"","background-repeat":"repeat","background-position":"center center","background-size":"auto","background-attachment":"scroll","background-type":"","background-media":"","overlay-type":"","overlay-color":"","overlay-opacity":"","overlay-gradient":""}},"ast-content-background-meta":{"desktop":{"background-color":"var(--ast-global-color-5)","background-image":"","background-repeat":"repeat","background-position":"center center","background-size":"auto","background-attachment":"scroll","background-type":"","background-media":"","overlay-type":"","overlay-color":"","overlay-opacity":"","overlay-gradient":""},"tablet":{"background-color":"var(--ast-global-color-5)","background-image":"","background-repeat":"repeat","background-position":"center center","background-size":"auto","background-attachment":"scroll","background-type":"","background-media":"","overlay-type":"","overlay-color":"","overlay-opacity":"","overlay-gradient":""},"mobile":{"background-color":"var(--ast-global-color-5)","background-image":"","background-repeat":"repeat","background-position":"center center","background-size":"auto","background-attachment":"scroll","background-type":"","background-media":"","overlay-type":"","overlay-color":"","overlay-opacity":"","overlay-gradient":""}},"footnotes":""},"class_list":["post-26208","page","type-page","status-publish","hentry"],"_links":{"self":[{"href":"https:\/\/ciencias.ubiobio.cl\/faci\/index.php\/wp-json\/wp\/v2\/pages\/26208","targetHints":{"allow":["GET"]}}],"collection":[{"href":"https:\/\/ciencias.ubiobio.cl\/faci\/index.php\/wp-json\/wp\/v2\/pages"}],"about":[{"href":"https:\/\/ciencias.ubiobio.cl\/faci\/index.php\/wp-json\/wp\/v2\/types\/page"}],"author":[{"embeddable":true,"href":"https:\/\/ciencias.ubiobio.cl\/faci\/index.php\/wp-json\/wp\/v2\/users\/1"}],"replies":[{"embeddable":true,"href":"https:\/\/ciencias.ubiobio.cl\/faci\/index.php\/wp-json\/wp\/v2\/comments?post=26208"}],"version-history":[{"count":10,"href":"https:\/\/ciencias.ubiobio.cl\/faci\/index.php\/wp-json\/wp\/v2\/pages\/26208\/revisions"}],"predecessor-version":[{"id":26335,"href":"https:\/\/ciencias.ubiobio.cl\/faci\/index.php\/wp-json\/wp\/v2\/pages\/26208\/revisions\/26335"}],"wp:attachment":[{"href":"https:\/\/ciencias.ubiobio.cl\/faci\/index.php\/wp-json\/wp\/v2\/media?parent=26208"}],"curies":[{"name":"wp","href":"https:\/\/api.w.org\/{rel}","templated":true}]}}