{"id":26157,"date":"2025-06-02T12:06:07","date_gmt":"2025-06-02T15:06:07","guid":{"rendered":"https:\/\/ciencias.ubiobio.cl\/faci\/?page_id=26157"},"modified":"2025-06-11T11:42:00","modified_gmt":"2025-06-11T14:42:00","slug":"facultad-historia","status":"publish","type":"page","link":"https:\/\/ciencias.ubiobio.cl\/faci\/index.php\/facultad-historia\/","title":{"rendered":"facultad-historia"},"content":{"rendered":"\t\t<div data-elementor-type=\"wp-post\" data-elementor-id=\"26157\" class=\"elementor elementor-26157\">\n\t\t\t\t<div class=\"elementor-element elementor-element-3a03d61 e-flex e-con-boxed e-con e-parent\" data-id=\"3a03d61\" data-element_type=\"container\">\n\t\t\t\t\t<div class=\"e-con-inner\">\n\t\t\t\t<div class=\"elementor-element elementor-element-5c7bb6a elementor-widget elementor-widget-heading\" data-id=\"5c7bb6a\" data-element_type=\"widget\" data-widget_type=\"heading.default\">\n\t\t\t\t<div class=\"elementor-widget-container\">\n\t\t\t\t\t<h2 class=\"elementor-heading-title elementor-size-default\">BIENVENIDOS A NUESTRA FACULTAD<\/h2>\t\t\t\t<\/div>\n\t\t\t\t<\/div>\n\t\t\t\t\t<\/div>\n\t\t\t\t<\/div>\n\t\t<div class=\"elementor-element elementor-element-9fef59f e-flex e-con-boxed e-con e-parent\" data-id=\"9fef59f\" data-element_type=\"container\">\n\t\t\t\t\t<div class=\"e-con-inner\">\n\t\t\t\t<div class=\"elementor-element elementor-element-bf7aecf elementor-widget elementor-widget-text-editor\" data-id=\"bf7aecf\" data-element_type=\"widget\" data-widget_type=\"text-editor.default\">\n\t\t\t\t<div class=\"elementor-widget-container\">\n\t\t\t\t\t\t\t\t\t<p>Nuestra Facultad fue creada el 20 de Febrero de 1989 y su personal lo constituy\u00f3 quienes a esa fecha estaban adscritos a los Departamentos de Ciencias Exactas y de Ciencias Naturales de la hasta entonces Facultad de Ciencias y Humanidades en Concepci\u00f3n, y a las \u00e1reas de Matem\u00e1tica y F\u00edsica del Departamento de Ciencias B\u00e1sicas de Chill\u00e1n.<\/p><p>En Abril de 1989 se decreta la creaci\u00f3n de los Departamentos de F\u00edsica, Matem\u00e1tica y Qu\u00edmica en Concepci\u00f3n y de Matem\u00e1tica-F\u00edsica en Chill\u00e1n. Algunos a\u00f1os m\u00e1s tarde, en Diciembre de 1993 se crea el actual Departamento de Ciencias B\u00e1sicas en Chill\u00e1n, a partir del Depto. de Matem\u00e1tica-F\u00edsica, incorpor\u00e1ndose a \u00e9l los acad\u00e9micos de las \u00e1reas de Biolog\u00eda y Qu\u00edmica que a esa fecha estaban adscritos al Departamento de Agroindustrias de la Facultad de Ciencias de la Salud y de los Alimentos.<\/p><p>En el a\u00f1o 1999 se incorporan los acad\u00e9micos del \u00e1rea de Biolog\u00eda de Concepci\u00f3n al Departamento de Qu\u00edmica.<\/p><p>Hasta el a\u00f1o 1995 la Facultad de Ciencias no ten\u00eda carreras propias, su docencia estaba destinada exclusivamente a alumnos de las dem\u00e1s carreras de la Universidad, fundamentalmente de pregrado, salvo los Programas de Diplomado en Medio Ambiente dictado en Chill\u00e1n en 1994 y el Post\u00edtulo \u201cAplicaci\u00f3n de la Computaci\u00f3n en la Ense\u00f1anza de la Matem\u00e1tica\u201d, tambi\u00e9n en Chill\u00e1n un a\u00f1o despu\u00e9s.<\/p><p>En el a\u00f1o 1995 se crea el Programa de Bachillerato en Ciencias Naturales y Exactas en el Campus Chill\u00e1n. Este Programa nace con el fin de ofrecer una alternativa de educaci\u00f3n superior para<\/p><p>todos aquellos egresados de Ense\u00f1anza Media que no tienen decisi\u00f3n vocacional definida al momento de ingresar a la Educaci\u00f3n Superior, de ofrecer una formaci\u00f3n b\u00e1sica s\u00f3lida en ciencias a los estudiantes previo a su adscripci\u00f3n a una carrera profesional, o incluso para aquellos que buscan solamente una breve formaci\u00f3n b\u00e1sica en Ciencias, sin aspiraciones profesionales posteriores. Al a\u00f1o siguiente el Programa comienza a dictarse en el Campus Concepci\u00f3n. Este Bachillerato en Ciencias Naturales y Exactas es el primero que se dicta en regiones, hab\u00edan comenzado los Bachilleratos en 1993 en la PUC, luego fueron la U. de Chile y la USACH. Hoy son numerosas las universidades del Consejo de Rectores de las Universidades Chilenas o Universidades Privadas que se han sumado a este sistema de inicio de una carrera universitaria.<\/p><p>En el a\u00f1o 2001 se pone en marcha la carrera de Ingenier\u00eda Estad\u00edstica en el Campus Concepci\u00f3n bajo la tuici\u00f3n del Departamento de Matem\u00e1tica, con el objetivo de entregar a la sociedad profesionales con una s\u00f3lida formaci\u00f3n en estad\u00edstica, capaces de dar respuesta a la creciente demanda por resolver problemas de ingenier\u00eda con alto contenido estad\u00edstico.<\/p><p>El 2004 se concretan dos grandes aspiraciones de la Facultad. Se comienzan a dictar el Post\u00edtulo en Ciencias Naturales y Exactas y el Mag\u00edster en Ense\u00f1anza de las Ciencias.<\/p><p>Posteriormente, se inici\u00f3 un trabajo de Planificaci\u00f3n Estrat\u00e9gica al interior de la Facultad, lo que se tradujo en la formulaci\u00f3n del Plan de Desarrollo de la Facultad y la definici\u00f3n de los conceptos Misi\u00f3n y Visi\u00f3n de la Facultad de Ciencias.<\/p>\t\t\t\t\t\t\t\t<\/div>\n\t\t\t\t<\/div>\n\t\t\t\t<div class=\"elementor-element elementor-element-120ac42 elementor-widget elementor-widget-image\" data-id=\"120ac42\" data-element_type=\"widget\" data-widget_type=\"image.default\">\n\t\t\t\t<div class=\"elementor-widget-container\">\n\t\t\t\t\t\t\t\t\t\t\t\t\t\t\t<img fetchpriority=\"high\" decoding=\"async\" width=\"1024\" height=\"683\" src=\"https:\/\/ciencias.ubiobio.cl\/faci\/wp-content\/uploads\/2025\/04\/DSC_8230-1-1024x683.jpg\" class=\"attachment-large size-large wp-image-25690\" alt=\"\" srcset=\"https:\/\/ciencias.ubiobio.cl\/faci\/wp-content\/uploads\/2025\/04\/DSC_8230-1-1024x683.jpg 1024w, https:\/\/ciencias.ubiobio.cl\/faci\/wp-content\/uploads\/2025\/04\/DSC_8230-1-600x400.jpg 600w, https:\/\/ciencias.ubiobio.cl\/faci\/wp-content\/uploads\/2025\/04\/DSC_8230-1-300x200.jpg 300w, https:\/\/ciencias.ubiobio.cl\/faci\/wp-content\/uploads\/2025\/04\/DSC_8230-1-768x512.jpg 768w, https:\/\/ciencias.ubiobio.cl\/faci\/wp-content\/uploads\/2025\/04\/DSC_8230-1-1536x1025.jpg 1536w, https:\/\/ciencias.ubiobio.cl\/faci\/wp-content\/uploads\/2025\/04\/DSC_8230-1-2048x1366.jpg 2048w\" sizes=\"(max-width: 1024px) 100vw, 1024px\" \/>\t\t\t\t\t\t\t\t\t\t\t\t\t\t\t<\/div>\n\t\t\t\t<\/div>\n\t\t\t\t\t<\/div>\n\t\t\t\t<\/div>\n\t\t\t\t<\/div>\n\t\t","protected":false},"excerpt":{"rendered":"<p>BIENVENIDOS A NUESTRA FACULTAD Nuestra Facultad fue creada el 20 de Febrero de 1989 y su personal lo constituy\u00f3 quienes a esa fecha estaban adscritos a los Departamentos de Ciencias Exactas y de Ciencias Naturales de la hasta entonces Facultad de Ciencias y Humanidades en Concepci\u00f3n, y a las \u00e1reas de Matem\u00e1tica y F\u00edsica del [&hellip;]<\/p>\n","protected":false},"author":1,"featured_media":0,"parent":0,"menu_order":0,"comment_status":"closed","ping_status":"closed","template":"","meta":{"site-sidebar-layout":"no-sidebar","site-content-layout":"page-builder","ast-site-content-layout":"full-width-container","site-content-style":"unboxed","site-sidebar-style":"unboxed","ast-global-header-display":"","ast-banner-title-visibility":"","ast-main-header-display":"","ast-hfb-above-header-display":"","ast-hfb-below-header-display":"","ast-hfb-mobile-header-display":"","site-post-title":"disabled","ast-breadcrumbs-content":"","ast-featured-img":"disabled","footer-sml-layout":"","ast-disable-related-posts":"","theme-transparent-header-meta":"","adv-header-id-meta":"","stick-header-meta":"","header-above-stick-meta":"","header-main-stick-meta":"","header-below-stick-meta":"","astra-migrate-meta-layouts":"set","ast-page-background-enabled":"default","ast-page-background-meta":{"desktop":{"background-color":"","background-image":"","background-repeat":"repeat","background-position":"center center","background-size":"auto","background-attachment":"scroll","background-type":"","background-media":"","overlay-type":"","overlay-color":"","overlay-opacity":"","overlay-gradient":""},"tablet":{"background-color":"","background-image":"","background-repeat":"repeat","background-position":"center center","background-size":"auto","background-attachment":"scroll","background-type":"","background-media":"","overlay-type":"","overlay-color":"","overlay-opacity":"","overlay-gradient":""},"mobile":{"background-color":"","background-image":"","background-repeat":"repeat","background-position":"center center","background-size":"auto","background-attachment":"scroll","background-type":"","background-media":"","overlay-type":"","overlay-color":"","overlay-opacity":"","overlay-gradient":""}},"ast-content-background-meta":{"desktop":{"background-color":"var(--ast-global-color-5)","background-image":"","background-repeat":"repeat","background-position":"center center","background-size":"auto","background-attachment":"scroll","background-type":"","background-media":"","overlay-type":"","overlay-color":"","overlay-opacity":"","overlay-gradient":""},"tablet":{"background-color":"var(--ast-global-color-5)","background-image":"","background-repeat":"repeat","background-position":"center center","background-size":"auto","background-attachment":"scroll","background-type":"","background-media":"","overlay-type":"","overlay-color":"","overlay-opacity":"","overlay-gradient":""},"mobile":{"background-color":"var(--ast-global-color-5)","background-image":"","background-repeat":"repeat","background-position":"center center","background-size":"auto","background-attachment":"scroll","background-type":"","background-media":"","overlay-type":"","overlay-color":"","overlay-opacity":"","overlay-gradient":""}},"footnotes":""},"class_list":["post-26157","page","type-page","status-publish","hentry"],"_links":{"self":[{"href":"https:\/\/ciencias.ubiobio.cl\/faci\/index.php\/wp-json\/wp\/v2\/pages\/26157","targetHints":{"allow":["GET"]}}],"collection":[{"href":"https:\/\/ciencias.ubiobio.cl\/faci\/index.php\/wp-json\/wp\/v2\/pages"}],"about":[{"href":"https:\/\/ciencias.ubiobio.cl\/faci\/index.php\/wp-json\/wp\/v2\/types\/page"}],"author":[{"embeddable":true,"href":"https:\/\/ciencias.ubiobio.cl\/faci\/index.php\/wp-json\/wp\/v2\/users\/1"}],"replies":[{"embeddable":true,"href":"https:\/\/ciencias.ubiobio.cl\/faci\/index.php\/wp-json\/wp\/v2\/comments?post=26157"}],"version-history":[{"count":11,"href":"https:\/\/ciencias.ubiobio.cl\/faci\/index.php\/wp-json\/wp\/v2\/pages\/26157\/revisions"}],"predecessor-version":[{"id":26580,"href":"https:\/\/ciencias.ubiobio.cl\/faci\/index.php\/wp-json\/wp\/v2\/pages\/26157\/revisions\/26580"}],"wp:attachment":[{"href":"https:\/\/ciencias.ubiobio.cl\/faci\/index.php\/wp-json\/wp\/v2\/media?parent=26157"}],"curies":[{"name":"wp","href":"https:\/\/api.w.org\/{rel}","templated":true}]}}