{"id":26104,"date":"2025-05-01T22:36:51","date_gmt":"2025-05-02T01:36:51","guid":{"rendered":"http:\/\/localhost\/faci-wordpress\/?page_id=26104"},"modified":"2025-05-01T22:37:10","modified_gmt":"2025-05-02T01:37:10","slug":"ci2030","status":"publish","type":"page","link":"https:\/\/ciencias.ubiobio.cl\/faci\/index.php\/ci2030\/","title":{"rendered":"Ci2030"},"content":{"rendered":"\t\t<div data-elementor-type=\"wp-post\" data-elementor-id=\"26104\" class=\"elementor elementor-26104\">\n\t\t\t\t<div class=\"elementor-element elementor-element-7a7c13f e-flex e-con-boxed e-con e-parent\" data-id=\"7a7c13f\" data-element_type=\"container\" data-settings=\"{&quot;background_background&quot;:&quot;gradient&quot;}\">\n\t\t\t\t\t<div class=\"e-con-inner\">\n\t\t<div class=\"elementor-element elementor-element-b041e67 e-con-full e-flex e-con e-child\" data-id=\"b041e67\" data-element_type=\"container\">\n\t\t\t\t<div class=\"elementor-element elementor-element-4b92ff0 elementor-position-top elementor-widget elementor-widget-image-box\" data-id=\"4b92ff0\" data-element_type=\"widget\" data-widget_type=\"image-box.default\">\n\t\t\t\t<div class=\"elementor-widget-container\">\n\t\t\t\t\t<div class=\"elementor-image-box-wrapper\"><figure class=\"elementor-image-box-img\"><img fetchpriority=\"high\" decoding=\"async\" width=\"300\" height=\"230\" src=\"https:\/\/ciencias.ubiobio.cl\/faci\/wp-content\/uploads\/2025\/04\/cropped-logo-Ci2030-Verde-300x230.png.webp\" class=\"attachment-full size-full wp-image-26074\" alt=\"\" \/><\/figure><\/div>\t\t\t\t<\/div>\n\t\t\t\t<\/div>\n\t\t\t\t<\/div>\n\t\t\t\t\t<\/div>\n\t\t\t\t<\/div>\n\t\t<div class=\"elementor-element elementor-element-aee1d2b e-flex e-con-boxed e-con e-parent\" data-id=\"aee1d2b\" data-element_type=\"container\" data-settings=\"{&quot;background_background&quot;:&quot;classic&quot;}\">\n\t\t\t\t\t<div class=\"e-con-inner\">\n\t\t<div class=\"elementor-element elementor-element-594d055 e-con-full e-flex e-con e-child\" data-id=\"594d055\" data-element_type=\"container\">\n\t\t\t\t<div class=\"elementor-element elementor-element-14bd57c elementor-widget elementor-widget-image-box\" data-id=\"14bd57c\" data-element_type=\"widget\" data-widget_type=\"image-box.default\">\n\t\t\t\t<div class=\"elementor-widget-container\">\n\t\t\t\t\t<div class=\"elementor-image-box-wrapper\"><div class=\"elementor-image-box-content\"><h2 class=\"elementor-image-box-title\">PROYECTO CIENCIA PARA LA INNOVACI\u00d3N 2030 CONSORCIO SUR \u2013 SUBANT\u00c1RTICO Ci2030<\/h2><\/div><\/div>\t\t\t\t<\/div>\n\t\t\t\t<\/div>\n\t\t\t\t<div class=\"elementor-element elementor-element-1958875 elementor-widget elementor-widget-text-editor\" data-id=\"1958875\" data-element_type=\"widget\" data-widget_type=\"text-editor.default\">\n\t\t\t\t<div class=\"elementor-widget-container\">\n\t\t\t\t\t\t\t\t\t<p><span style=\"font-weight: 400;\">Programa que promueve transformar las facultades de ciencias hacia una mayor vinculaci\u00f3n con el entorno mediante la I+D+i+ebct y desarrollando estas capacidades en estudiantes de programas de pre y postgrado.<\/span><\/p><p><b>Misi\u00f3n:<\/b><span style=\"font-weight: 400;\"> Hacer del Consorcio un referente de calidad internacional para liderar los cambios hacia un desarrollo sostenible basado en la gesti\u00f3n del conocimiento que permita abordar, desde lo local a lo global, un conjunto relevante de demandas y desaf\u00edos expresados y proyectados, mediante la ejecuci\u00f3n y desarrollo de ciencia y tecnolog\u00eda valiosa, fuertemente conectada y abordada colaborativamente con efectividad y pertinencia.<\/span><\/p><p><b>Visi\u00f3n:<\/b><span style=\"font-weight: 400;\"> Ser una fuente de valor accesible que impulse un desarrollo pr\u00f3spero, \u00e9tico y sostenible, que promueva la generaci\u00f3n de bienestar al entorno territorial mediante el cultivo del talento cient\u00edfico y la incorporaci\u00f3n de la ciencia en la b\u00fasqueda y promoci\u00f3n de soluciones con identidad para el mejoramiento de la calidad de vida de la comunidad local y global.<\/span><\/p><p><b>EQUIPO INTERNO UNIVERSIDAD DEL B\u00cdO-B\u00cdO<\/b><\/p><p><span style=\"font-weight: 400;\">JUAN BOBENRIETH HOCHF\u00c4RBER<\/span><\/p><p><span style=\"font-weight: 400;\">DECANO DE LA FACULTAD DE CIENCIAS<\/span><\/p><p><span style=\"font-weight: 400;\">DIRECTOR ALTERNO DEL PROYECTO Ci2030<\/span><\/p><p><span style=\"font-weight: 400;\">NELLY G\u00d3MEZ FUENTEALBA<\/span><\/p><p><span style=\"font-weight: 400;\">DIRECTORA EJECUTIVA DEL PROYECTO Ci2030<\/span><\/p><p><span style=\"font-weight: 400;\">DIRECTORA GENERAL DE RELACIONES INSTITUCIONALES<\/span><\/p><p><span style=\"font-weight: 400;\">NOEM\u00cd BUSTOS RIVERA<\/span><\/p><p><span style=\"font-weight: 400;\">COORDINADORA INTERNA PROYECTO Ci2030<\/span><\/p><p><span style=\"font-weight: 400;\">LORENA MART\u00cdNEZ MACAYA<\/span><\/p><p><span style=\"font-weight: 400;\">VINCULADORA EN CIENCIAS<\/span><\/p><p><span style=\"font-weight: 400;\">ALEJANDRA ROJAS LAGOS<\/span><\/p><p><span style=\"font-weight: 400;\">INGENIERO DE PROYECTOS<\/span><\/p><p><span style=\"font-weight: 400;\">DIRECCI\u00d3N DE INNOVACI\u00d3N<\/span><\/p><p><b>L\u00cdDERES DE NODOS<\/b><\/p><p><span style=\"font-weight: 400;\">MARCELA VIDAL MALDONADO<\/span><\/p><p><span style=\"font-weight: 400;\">L\u00cdDER DEL NODO GESTI\u00d3N DEL CAMBIO Y LIDERAZGO FEMENINO<\/span><\/p><p><span style=\"font-weight: 400;\">ACAD\u00c9MICA DEL DPTO. DE CS. B\u00c1SICAS<\/span><\/p><p><span style=\"font-weight: 400;\">ENRIQUE WERNER NAVARRETE<\/span><\/p><p><span style=\"font-weight: 400;\">L\u00cdDER DEL NODO FORMACI\u00d3N E INTERNALIZACI\u00d3N<\/span><\/p><p><span style=\"font-weight: 400;\">ACAD\u00c9MICO DEL DPTO. DE CS. B\u00c1SICAS<\/span><\/p><p><span style=\"font-weight: 400;\">JEANNETTE VERA ARAYA<\/span><\/p><p><span style=\"font-weight: 400;\">L\u00cdDER DEL NODO I+D+i+ebct<\/span><\/p><p><span style=\"font-weight: 400;\">ACAD\u00c9MICA DEL DPTO. CS. B\u00c1SICAS<\/span><\/p>\t\t\t\t\t\t\t\t<\/div>\n\t\t\t\t<\/div>\n\t\t\t\t<\/div>\n\t\t\t\t\t<\/div>\n\t\t\t\t<\/div>\n\t\t<div class=\"elementor-element elementor-element-e5e3216 e-flex e-con-boxed e-con e-parent\" data-id=\"e5e3216\" data-element_type=\"container\">\n\t\t\t\t\t<div class=\"e-con-inner\">\n\t\t\t\t\t<\/div>\n\t\t\t\t<\/div>\n\t\t<div class=\"elementor-element elementor-element-75fd31b e-flex e-con-boxed e-con e-parent\" data-id=\"75fd31b\" data-element_type=\"container\">\n\t\t\t\t\t<div class=\"e-con-inner\">\n\t\t\t\t<div class=\"elementor-element elementor-element-7584855 elementor-widget elementor-widget-heading\" data-id=\"7584855\" data-element_type=\"widget\" data-widget_type=\"heading.default\">\n\t\t\t\t<div class=\"elementor-widget-container\">\n\t\t\t\t\t<h2 class=\"elementor-heading-title elementor-size-default\">Laboratorios<\/h2>\t\t\t\t<\/div>\n\t\t\t\t<\/div>\n\t\t\t\t<div class=\"elementor-element elementor-element-f7430f0 elementor-widget elementor-widget-shortcode\" data-id=\"f7430f0\" data-element_type=\"widget\" data-widget_type=\"shortcode.default\">\n\t\t\t\t<div class=\"elementor-widget-container\">\n\t\t\t\t\t\t\t<div class=\"elementor-shortcode\"><div class=\"_df_book df-lite\" id=\"df_26078\"  _slug=\"26078\" data-title=\"\" wpoptions=\"true\" thumbtype=\"\" ><\/div><script class=\"df-shortcode-script\" nowprocket type=\"application\/javascript\">window.option_df_26078 = {\"outline\":[],\"autoEnableOutline\":\"false\",\"autoEnableThumbnail\":\"false\",\"overwritePDFOutline\":\"false\",\"direction\":\"1\",\"pageSize\":\"0\",\"source\":\"https:\\\/\\\/ciencias.ubiobio.cl\\\/faci\\\/wp-content\\\/uploads\\\/2025\\\/04\\\/Fichas-de-Laboratorios-Investigacion-Aplicada-FACI-VF.pdf\",\"wpOptions\":\"true\"}; if(window.DFLIP && window.DFLIP.parseBooks){window.DFLIP.parseBooks();}<\/script><\/div>\n\t\t\t\t\t\t<\/div>\n\t\t\t\t<\/div>\n\t\t\t\t\t<\/div>\n\t\t\t\t<\/div>\n\t\t\t\t<\/div>\n\t\t","protected":false},"excerpt":{"rendered":"<p>PROYECTO CIENCIA PARA LA INNOVACI\u00d3N 2030 CONSORCIO SUR \u2013 SUBANT\u00c1RTICO Ci2030 Programa que promueve transformar las facultades de ciencias hacia una mayor vinculaci\u00f3n con el entorno mediante la I+D+i+ebct y desarrollando estas capacidades en estudiantes de programas de pre y postgrado. Misi\u00f3n: Hacer del Consorcio un referente de calidad internacional para liderar los cambios hacia [&hellip;]<\/p>\n","protected":false},"author":1,"featured_media":0,"parent":0,"menu_order":0,"comment_status":"closed","ping_status":"closed","template":"","meta":{"site-sidebar-layout":"default","site-content-layout":"page-builder","ast-site-content-layout":"full-width-container","site-content-style":"unboxed","site-sidebar-style":"unboxed","ast-global-header-display":"","ast-banner-title-visibility":"","ast-main-header-display":"","ast-hfb-above-header-display":"","ast-hfb-below-header-display":"","ast-hfb-mobile-header-display":"","site-post-title":"disabled","ast-breadcrumbs-content":"","ast-featured-img":"disabled","footer-sml-layout":"","ast-disable-related-posts":"","theme-transparent-header-meta":"enabled","adv-header-id-meta":"","stick-header-meta":"","header-above-stick-meta":"","header-main-stick-meta":"","header-below-stick-meta":"","astra-migrate-meta-layouts":"set","ast-page-background-enabled":"default","ast-page-background-meta":{"desktop":{"background-color":"","background-image":"","background-repeat":"repeat","background-position":"center center","background-size":"auto","background-attachment":"scroll","background-type":"","background-media":"","overlay-type":"","overlay-color":"","overlay-opacity":"","overlay-gradient":""},"tablet":{"background-color":"","background-image":"","background-repeat":"repeat","background-position":"center center","background-size":"auto","background-attachment":"scroll","background-type":"","background-media":"","overlay-type":"","overlay-color":"","overlay-opacity":"","overlay-gradient":""},"mobile":{"background-color":"","background-image":"","background-repeat":"repeat","background-position":"center center","background-size":"auto","background-attachment":"scroll","background-type":"","background-media":"","overlay-type":"","overlay-color":"","overlay-opacity":"","overlay-gradient":""}},"ast-content-background-meta":{"desktop":{"background-color":"var(--ast-global-color-5)","background-image":"","background-repeat":"repeat","background-position":"center center","background-size":"auto","background-attachment":"scroll","background-type":"","background-media":"","overlay-type":"","overlay-color":"","overlay-opacity":"","overlay-gradient":""},"tablet":{"background-color":"var(--ast-global-color-5)","background-image":"","background-repeat":"repeat","background-position":"center center","background-size":"auto","background-attachment":"scroll","background-type":"","background-media":"","overlay-type":"","overlay-color":"","overlay-opacity":"","overlay-gradient":""},"mobile":{"background-color":"var(--ast-global-color-5)","background-image":"","background-repeat":"repeat","background-position":"center center","background-size":"auto","background-attachment":"scroll","background-type":"","background-media":"","overlay-type":"","overlay-color":"","overlay-opacity":"","overlay-gradient":""}},"footnotes":""},"class_list":["post-26104","page","type-page","status-publish","hentry"],"_links":{"self":[{"href":"https:\/\/ciencias.ubiobio.cl\/faci\/index.php\/wp-json\/wp\/v2\/pages\/26104","targetHints":{"allow":["GET"]}}],"collection":[{"href":"https:\/\/ciencias.ubiobio.cl\/faci\/index.php\/wp-json\/wp\/v2\/pages"}],"about":[{"href":"https:\/\/ciencias.ubiobio.cl\/faci\/index.php\/wp-json\/wp\/v2\/types\/page"}],"author":[{"embeddable":true,"href":"https:\/\/ciencias.ubiobio.cl\/faci\/index.php\/wp-json\/wp\/v2\/users\/1"}],"replies":[{"embeddable":true,"href":"https:\/\/ciencias.ubiobio.cl\/faci\/index.php\/wp-json\/wp\/v2\/comments?post=26104"}],"version-history":[{"count":2,"href":"https:\/\/ciencias.ubiobio.cl\/faci\/index.php\/wp-json\/wp\/v2\/pages\/26104\/revisions"}],"predecessor-version":[{"id":26864,"href":"https:\/\/ciencias.ubiobio.cl\/faci\/index.php\/wp-json\/wp\/v2\/pages\/26104\/revisions\/26864"}],"wp:attachment":[{"href":"https:\/\/ciencias.ubiobio.cl\/faci\/index.php\/wp-json\/wp\/v2\/media?parent=26104"}],"curies":[{"name":"wp","href":"https:\/\/api.w.org\/{rel}","templated":true}]}}